{"id":1808,"date":"2023-02-01T22:04:06","date_gmt":"2023-02-01T19:04:06","guid":{"rendered":"https:\/\/eskisehirgenelcerrahi.com\/?page_id=1808"},"modified":"2025-02-03T21:18:06","modified_gmt":"2025-02-03T18:18:06","slug":"iletisim","status":"publish","type":"page","link":"https:\/\/eskisehirgenelcerrahi.com\/en\/iletisim\/","title":{"rendered":"Communication"},"content":{"rendered":"<section id=\"bt_section69e485d842f55\"  class=\"boldSection btDivider topSemiSpaced bottomSemiSpaced btDarkSkin gutter inherit wBackground cover\" style=\"background-color:#0da8bc;background-image:url('https:\/\/eskisehirgenelcerrahi.com\/wp-content\/uploads\/2018\/03\/bgn-surgery-01.jpg');\"><div class=\"port\"><div class=\"boldCell\"><div class=\"boldCellInner\"><div class=\"boldRow\" ><div class=\"boldRowInner\"><div class=\"rowItem col-md-8 col-ms-12 btTextLeft animate animate-fadein animate-moveleft inherit\"  ><div class=\"rowItemContent\" ><div class=\"btClear btSeparator topExtraSmallSpaced bottomExtraSmallSpaced noBorder\" ><hr><\/div><header class=\"header btClear extralarge btDash bottomDash  btAlternateDash\" ><div class=\"btSuperTitle\">about us<\/div><div class=\"dash\"><h1><span class=\"headline\">Communication<\/span><\/h1><\/div><\/header><\/div><\/div><div class=\"rowItem col-md-4 col-ms-12 btTextLeft\"  ><div class=\"rowItemContent\" ><\/div><\/div><\/div><\/div><\/div><\/div><\/div><\/section><section id=\"bt_section69e485d8431b5\"  class=\"boldSection gutter\" ><div class=\"port\"><div class=\"boldCell\"><div class=\"boldCellInner\"><div class=\"boldRow\" ><div class=\"boldRowInner\"><div class=\"rowItem col-md-12 col-ms-12  btTextLeft\"  ><div class=\"rowItemContent\" ><header class=\"header btClear extralarge btDash bottomDash  btAccentDash\" ><div class=\"dash\"><h1><span class=\"headline\">Contact us\r<br><strong class=\"animate\">Your Complaints &amp; Suggestions<\/strong><\/span><\/h1><\/div><\/header><\/div><\/div><\/div><\/div><\/div><\/div><\/div><\/section><section id=\"bt_section69e485d8433da\"  class=\"boldSection topSpaced bottomSpaced gutter inherit\" ><div class=\"port\"><div class=\"boldCell\"><div class=\"boldCellInner\"><div class=\"boldRow\" ><div class=\"boldRowInner\"><div class=\"rowItem col-md-6 col-sm-12 btTextLeft animate animate-fadein inherit\"  ><div class=\"rowItemContent\" ><div class=\"btClear btSeparator bottomSemiSpaced noBorder\" ><hr><\/div><div class=\"btText\" ><h3>Our address:<\/h3>\n<p><a href=\"https:\/\/maps.app.goo.gl\/9ThKLYkpRidTQU3J6\">Ho\u015fnudiye, Dorya Residence, Ay\u015fen Street No:28, 26130 Tepeba\u015f\u0131\/Eski\u015fehir<\/a><\/p>\n<h3>Telephone :<\/h3>\n<p><a href=\"tel: 905428405999\">+90 542 840 59 99<\/a><\/p>\n<h3>Email :<\/h3>\n<p><a href=\"mailto:info@eskisehirgenelcerrahi.com\">info@eskisehirgenelcerrahi.com<\/a><\/p>\n<\/div><\/div><\/div><div class=\"rowItem col-md-6 col-sm-12 btTextLeft inherit\"  ><div class=\"rowItemContent\" ><iframe src=\"https:\/\/www.google.com\/maps\/embed?pb=!1m18!1m12!1m3!1d49065.12699283084!2d30.482068517016238!3d39.77175208729434!2m3!1f0!2f0!3f0!3m2!1i1024!2i768!4f13.1!3m3!1m2!1s0x14cc1795942e3e3d%3A0x216b157ec9892cd1!2sEski%C5%9Fehir%20Genel%20Cerrahi!5e0!3m2!1str!2str!4v1709687548160!5m2!1str!2str\" width=\"600\" height=\"450\" style=\"border:0;\" allowfullscreen=\"\" loading=\"lazy\" referrerpolicy=\"no-referrer-when-downgrade\"><\/iframe><div class=\"btClear btSeparator bottomSemiSpaced noBorder\" ><hr><\/div><\/div><\/div><\/div><\/div><div class=\"boldRow\" ><div class=\"boldRowInner\"><div class=\"rowItem col-md-12 col-ms-12  btTextLeft\"  ><div class=\"rowItemContent\" ><div class=\"btClear btSeparator bottomSemiSpaced noBorder\" ><hr><\/div><\/div><\/div><\/div><\/div><\/div><\/div><\/div><\/section><section id=\"bt_section69e485d843b05\" data-parallax=\"0.2\" data-parallax-offset=\"0\" class=\"boldSection topSpaced bottomSpaced btDarkSkin gutter inherit btParallax wBackground cover\" style=\"background-color:#f95759;background-image:url('https:\/\/eskisehirgenelcerrahi.com\/wp-content\/uploads\/2018\/03\/bgn-surgery-10.jpg');\"><div class=\"port\"><div class=\"boldCell\"><div class=\"boldCellInner\"><div class=\"boldRow\" ><div class=\"boldRowInner\"><div class=\"rowItem col-md-12 col-ms-12  btTextCenter inherit\"  ><div class=\"rowItemContent\" ><header class=\"header btClear extralarge btDash bottomDash  btAccentDash\" ><div class=\"dash\"><h1><span class=\"headline\"><em>Follow us<\/em><\/span><\/h1><\/div><\/header><div class=\"btClear btSeparator topExtraSmallSpaced bottomSmallSpaced noBorder\" ><hr><\/div><div class=\"btIconImageRow\" ><span class=\"btIco btIcoFilledType btIcoMediumSize btIcoAccentColor\" ><a href=\"https:\/\/www.facebook.com\/profile.php?id=100092512189836\"  target = \"no_target\" data-ico-fa=\"&#xf09a;\" class=\"btIcoHolder\"><em><\/em><\/a><\/span><span class=\"btIco btIcoFilledType btIcoMediumSize btIcoAccentColor\" ><a href=\"https:\/\/www.instagram.com\/eskisehirgenelcerrahi\/\"  target = \"no_target\" data-ico-fa=\"&#xf16d;\" class=\"btIcoHolder\"><em><\/em><\/a><\/span><\/div><\/div><\/div><\/div><\/div><\/div><\/div><\/div><\/section>","protected":false},"excerpt":{"rendered":"","protected":false},"author":1,"featured_media":0,"parent":0,"menu_order":0,"comment_status":"closed","ping_status":"closed","template":"","meta":[],"_links":{"self":[{"href":"https:\/\/eskisehirgenelcerrahi.com\/en\/wp-json\/wp\/v2\/pages\/1808"}],"collection":[{"href":"https:\/\/eskisehirgenelcerrahi.com\/en\/wp-json\/wp\/v2\/pages"}],"about":[{"href":"https:\/\/eskisehirgenelcerrahi.com\/en\/wp-json\/wp\/v2\/types\/page"}],"author":[{"embeddable":true,"href":"https:\/\/eskisehirgenelcerrahi.com\/en\/wp-json\/wp\/v2\/users\/1"}],"replies":[{"embeddable":true,"href":"https:\/\/eskisehirgenelcerrahi.com\/en\/wp-json\/wp\/v2\/comments?post=1808"}],"version-history":[{"count":12,"href":"https:\/\/eskisehirgenelcerrahi.com\/en\/wp-json\/wp\/v2\/pages\/1808\/revisions"}],"predecessor-version":[{"id":1960,"href":"https:\/\/eskisehirgenelcerrahi.com\/en\/wp-json\/wp\/v2\/pages\/1808\/revisions\/1960"}],"wp:attachment":[{"href":"https:\/\/eskisehirgenelcerrahi.com\/en\/wp-json\/wp\/v2\/media?parent=1808"}],"curies":[{"name":"wp","href":"https:\/\/api.w.org\/{rel}","templated":true}]}}